{"id":34,"date":"2026-05-11T21:05:17","date_gmt":"2026-05-11T21:05:17","guid":{"rendered":"https:\/\/inarinkala.fi\/?page_id=34"},"modified":"2026-05-11T21:47:26","modified_gmt":"2026-05-11T21:47:26","slug":"inarin-kala","status":"publish","type":"page","link":"https:\/\/inarinkala.fi\/index.php\/inarin-kala\/","title":{"rendered":"Inarin Kala"},"content":{"rendered":"\t\t<div data-elementor-type=\"wp-page\" data-elementor-id=\"34\" class=\"elementor elementor-34\">\n\t\t\t\t<div class=\"elementor-element elementor-element-16f9f11 e-flex e-con-boxed e-con e-parent\" data-id=\"16f9f11\" data-element_type=\"container\" data-e-type=\"container\">\n\t\t\t\t\t<div class=\"e-con-inner\">\n\t\t<div class=\"elementor-element elementor-element-dfc42f7 e-con-full e-flex e-con e-child\" data-id=\"dfc42f7\" data-element_type=\"container\" data-e-type=\"container\" data-settings=\"{&quot;background_background&quot;:&quot;classic&quot;}\">\n\t\t\t\t<div class=\"elementor-element elementor-element-16a3733 elementor-widget elementor-widget-text-editor\" data-id=\"16a3733\" data-element_type=\"widget\" data-e-type=\"widget\" data-widget_type=\"text-editor.default\">\n\t\t\t\t\t\t\t\t\t<h3 data-section-id=\"1q1efze\" data-start=\"171\" data-end=\"206\"><strong>Ammattikalastusta Inarij\u00e4rvell\u00e4<\/strong><\/h3>\n<p data-start=\"207\" data-end=\"360\">Kalastamme Inarij\u00e4rven puhtaissa ja kylmiss\u00e4 vesiss\u00e4 vuodenaikojen rytmiss\u00e4. Jokainen kala k\u00e4sitell\u00e4\u00e4n huolella, jotta laatu s\u00e4ilyy&nbsp; p\u00f6yt\u00e4\u00e4n asti.<\/p>\n<h2 data-section-id=\"hl63ld\" data-start=\"367\" data-end=\"384\">&nbsp;<\/h2>\t\t\t\t\t\t\t\t<\/div>\n\t\t\t\t<\/div>\n\t\t<div class=\"elementor-element elementor-element-470f590 e-con-full e-flex e-con e-child\" data-id=\"470f590\" data-element_type=\"container\" data-e-type=\"container\" data-settings=\"{&quot;background_background&quot;:&quot;classic&quot;}\">\n\t\t\t\t\t\t\t\n\t\t\t<img class=\"e-image-base \" \n\t\t\t\t\tdata-interaction-id=\"7343bb1\" \n\t\t \n\t\t \n\t\t\t\t\t\t\t\t\tid=\"49\"\n\t\t\t\t\t\t\t\t\t\t\t\tsrc=\"https:\/\/inarinkala.fi\/wp-content\/uploads\/2026\/05\/IMG_1044.jpg\"\n\t\t\t\t\t\t\t\t\t\t\t\twidth=\"1365\"\n\t\t\t\t\t\t\t\t\t\t\t\theight=\"2048\"\n\t\t\t\t\t\t\t\t\t\t\t\tsrcset=\"https:\/\/inarinkala.fi\/wp-content\/uploads\/2026\/05\/IMG_1044.jpg 1365w, https:\/\/inarinkala.fi\/wp-content\/uploads\/2026\/05\/IMG_1044-200x300.jpg 200w, https:\/\/inarinkala.fi\/wp-content\/uploads\/2026\/05\/IMG_1044-683x1024.jpg 683w, https:\/\/inarinkala.fi\/wp-content\/uploads\/2026\/05\/IMG_1044-768x1152.jpg 768w, https:\/\/inarinkala.fi\/wp-content\/uploads\/2026\/05\/IMG_1044-1024x1536.jpg 1024w\"\n\t\t\t\t\t\t\t\t\t\t\t\talt=\"Janne kalastamassa Inarij\u00e4rvell\u00e4\"\n\t\t\t\t\t\t\/>\n\t\t\t\t\t<\/div>\n\t\t<div class=\"elementor-element elementor-element-e486db0 e-con-full e-flex e-con e-child\" data-id=\"e486db0\" data-element_type=\"container\" data-e-type=\"container\" data-settings=\"{&quot;background_background&quot;:&quot;classic&quot;}\">\n\t\t\t\t<div class=\"elementor-element elementor-element-0a0bdb9 elementor-widget elementor-widget-text-editor\" data-id=\"0a0bdb9\" data-element_type=\"widget\" data-e-type=\"widget\" data-widget_type=\"text-editor.default\">\n\t\t\t\t\t\t\t\t\t<h2>Pohjoisen maku<\/h2>\n<p data-start=\"405\" data-end=\"487\">Tuore kala, kylm\u00e4t vedet ja Lapin luonto muodostavat maun, jota ei voi j\u00e4ljitell\u00e4.<\/p>\t\t\t\t\t\t\t\t<\/div>\n\t\t\t\t<\/div>\n\t\t<div class=\"elementor-element elementor-element-5c3bd48 e-con-full e-flex e-con e-child\" data-id=\"5c3bd48\" data-element_type=\"container\" data-e-type=\"container\" data-settings=\"{&quot;background_background&quot;:&quot;classic&quot;}\">\n\t\t\t\t\t\t\t\n\t\t\t<img class=\"e-image-base \" \n\t\t\t\t\tdata-interaction-id=\"0fde720\" \n\t\t \n\t\t \n\t\t\t\t\t\t\t\t\tid=\"44\"\n\t\t\t\t\t\t\t\t\t\t\t\tsrc=\"https:\/\/inarinkala.fi\/wp-content\/uploads\/2026\/05\/IMG_7128-1-scaled.jpg\"\n\t\t\t\t\t\t\t\t\t\t\t\twidth=\"1920\"\n\t\t\t\t\t\t\t\t\t\t\t\theight=\"2560\"\n\t\t\t\t\t\t\t\t\t\t\t\tsrcset=\"https:\/\/inarinkala.fi\/wp-content\/uploads\/2026\/05\/IMG_7128-1-scaled.jpg 1920w, https:\/\/inarinkala.fi\/wp-content\/uploads\/2026\/05\/IMG_7128-1-225x300.jpg 225w\"\n\t\t\t\t\t\t\t\t\t\t\t\talt=\"\"\n\t\t\t\t\t\t\/>\n\t\t\t\t\t<\/div>\n\t\t\t\t\t<\/div>\n\t\t\t\t<\/div>\n\t\t\t\t<\/div>\n\t\t","protected":false},"excerpt":{"rendered":"<p>Ammattikalastusta Inarij\u00e4rvell\u00e4 Kalastamme Inarij\u00e4rven puhtaissa ja kylmiss\u00e4 vesiss\u00e4 vuodenaikojen rytmiss\u00e4. Jokainen kala k\u00e4sitell\u00e4\u00e4n huolella, jotta laatu s\u00e4ilyy&nbsp; p\u00f6yt\u00e4\u00e4n asti. &nbsp; Pohjoisen maku Tuore kala, kylm\u00e4t vedet ja Lapin luonto muodostavat maun, jota ei voi j\u00e4ljitell\u00e4.<\/p>\n","protected":false},"author":1,"featured_media":0,"parent":0,"menu_order":0,"comment_status":"closed","ping_status":"closed","template":"","meta":{"footnotes":""},"class_list":["post-34","page","type-page","status-publish","hentry"],"_links":{"self":[{"href":"https:\/\/inarinkala.fi\/index.php\/wp-json\/wp\/v2\/pages\/34","targetHints":{"allow":["GET"]}}],"collection":[{"href":"https:\/\/inarinkala.fi\/index.php\/wp-json\/wp\/v2\/pages"}],"about":[{"href":"https:\/\/inarinkala.fi\/index.php\/wp-json\/wp\/v2\/types\/page"}],"author":[{"embeddable":true,"href":"https:\/\/inarinkala.fi\/index.php\/wp-json\/wp\/v2\/users\/1"}],"replies":[{"embeddable":true,"href":"https:\/\/inarinkala.fi\/index.php\/wp-json\/wp\/v2\/comments?post=34"}],"version-history":[{"count":6,"href":"https:\/\/inarinkala.fi\/index.php\/wp-json\/wp\/v2\/pages\/34\/revisions"}],"predecessor-version":[{"id":64,"href":"https:\/\/inarinkala.fi\/index.php\/wp-json\/wp\/v2\/pages\/34\/revisions\/64"}],"wp:attachment":[{"href":"https:\/\/inarinkala.fi\/index.php\/wp-json\/wp\/v2\/media?parent=34"}],"curies":[{"name":"wp","href":"https:\/\/api.w.org\/{rel}","templated":true}]}}