{"id":155,"date":"2026-05-12T11:47:46","date_gmt":"2026-05-12T11:47:46","guid":{"rendered":"https:\/\/inarinkala.fi\/?page_id=155"},"modified":"2026-05-12T12:40:16","modified_gmt":"2026-05-12T12:40:16","slug":"meista","status":"publish","type":"page","link":"https:\/\/inarinkala.fi\/index.php\/meista\/","title":{"rendered":""},"content":{"rendered":"\n<p class=\"has-contrast-light-color has-text-color has-link-color has-superbfont-xxlarge-font-size wp-elements-822d6d97b765376a0dc50eacd771c393\">Meist\u00e4<\/p>\n\n\n\n<p class=\"has-base-color has-text-color has-link-color wp-elements-203b4d1a355fda41ede4595d5e7044fe\"><strong>Inarin Kala<\/strong><\/p>\n\n\n\n<p class=\"has-base-color has-text-color has-link-color wp-elements-60620e4cac6d244a1acc3f4cfc129acf\">Inarin Kala syntyi halusta nostaa Inarij\u00e4rven luonnonkala sille kuuluvaan arvoon. Toimimme yhteisty\u00f6ss\u00e4 paikallisten ammattikalastajien kanssa ja toimitamme Inarin kalaa ravintoloille, j\u00e4lleenmyyjille ja yhteisty\u00f6kumppaneille ymp\u00e4ri Suomen.<\/p>\n\n\n\n<p class=\"has-base-color has-text-color has-link-color wp-elements-b2b0bb6dba404c04f842f985f2775417\">Inarij\u00e4rven kala kasvaa kylm\u00e4ss\u00e4, kirkkaassa vedess\u00e4 hitaasti ja luonnon ehdoilla. Lyhyt kasvukausi tekee kalasta napakan, puhtaan ja maultaan ainutlaatuisen.<\/p>\n\n\n\n<p class=\"has-base-color has-text-color has-link-color wp-elements-3614396fc0d486da7b93a5d2244c6c65\">Kalastus t\u00e4\u00e4ll\u00e4 ei ole itsest\u00e4\u00e4nselvyys. Olosuhteet muuttuvat nopeasti, ja j\u00e4rvelle l\u00e4hdet\u00e4\u00e4n aina luontoa kunnioittaen. Jokainen kala on arvokas, ja siksi haluamme l\u00f6yt\u00e4\u00e4 sille oikean paikan \u2014 kodin tai keitti\u00f6n, jossa sen alkuper\u00e4\u00e4 ja laatua arvostetaan.<\/p>\n\n\n\n<h3 class=\"wp-block-heading has-contrast-light-color has-text-color has-link-color wp-elements-de9659de394d0f049888704e1ee1f05d\">Arvot<\/h3>\n\n\n\n<p class=\"has-base-color has-text-color has-link-color wp-elements-ac7325c6506558647ee854907b7e63ab\"><strong>Paikallisuus<\/strong><br>Kala tulee Inarij\u00e4rvelt\u00e4 ja paikallisilta kalastajilta.<\/p>\n\n\n\n<p class=\"has-base-color has-text-color has-link-color wp-elements-987743eaee93f190caca6367786a3296\"><strong>Laatu<\/strong><br>Kylm\u00e4ketju, nopea k\u00e4sittely ja tuoreus ovat meille ensisijaisia.<\/p>\n\n\n\n<p class=\"has-base-color has-text-color has-link-color wp-elements-4a15445bad015784cbf523ad9a2f8772\"><strong>Luonnon kunnioitus<\/strong><br>Luonto m\u00e4\u00e4r\u00e4\u00e4 tahdin. Me toimimme sen ehdoilla.<\/p>\n\n\n\n<p class=\"has-base-color has-text-color has-link-color wp-elements-55bcfeb1bfc9f53417041c1fa3eed400\"><strong>Yhteisty\u00f6<\/strong><br>Rakennamme reilua ja pitk\u00e4j\u00e4nteist\u00e4 mallia kalastajien, kauppojen ja ravintoloiden v\u00e4lille.<\/p>\n\n\n\n<h3 class=\"wp-block-heading has-contrast-light-color has-text-color has-link-color wp-elements-15fc2044d8eadb1f2fbd9f860c0ea5fc\">Loppunosto<\/h3>\n\n\n\n<p class=\"has-base-color has-text-color has-link-color wp-elements-0979e05c74f486e8460c0ec796db77ea\"><strong>Inarin Kala ei ole vain raaka-aine. Se on pala pohjoista luontoa, kalastajien ty\u00f6t\u00e4 ja Inarij\u00e4rven tarinaa.<\/strong><\/p>\n\n\n\n<p><\/p>\n","protected":false},"excerpt":{"rendered":"<p>Meist\u00e4 Inarin Kala Inarin Kala syntyi halusta nostaa Inarij\u00e4rven luonnonkala sille kuuluvaan arvoon. Toimimme yhteisty\u00f6ss\u00e4 paikallisten ammattikalastajien kanssa ja toimitamme Inarin kalaa ravintoloille, j\u00e4lleenmyyjille ja yhteisty\u00f6kumppaneille ymp\u00e4ri Suomen. Inarij\u00e4rven kala kasvaa kylm\u00e4ss\u00e4, kirkkaassa vedess\u00e4 hitaasti ja luonnon ehdoilla. Lyhyt kasvukausi tekee kalasta napakan, puhtaan ja maultaan ainutlaatuisen. Kalastus t\u00e4\u00e4ll\u00e4 ei ole itsest\u00e4\u00e4nselvyys. Olosuhteet muuttuvat nopeasti, [&hellip;]<\/p>\n","protected":false},"author":1,"featured_media":0,"parent":0,"menu_order":0,"comment_status":"closed","ping_status":"closed","template":"","meta":{"footnotes":""},"class_list":["post-155","page","type-page","status-publish","hentry"],"_links":{"self":[{"href":"https:\/\/inarinkala.fi\/index.php\/wp-json\/wp\/v2\/pages\/155","targetHints":{"allow":["GET"]}}],"collection":[{"href":"https:\/\/inarinkala.fi\/index.php\/wp-json\/wp\/v2\/pages"}],"about":[{"href":"https:\/\/inarinkala.fi\/index.php\/wp-json\/wp\/v2\/types\/page"}],"author":[{"embeddable":true,"href":"https:\/\/inarinkala.fi\/index.php\/wp-json\/wp\/v2\/users\/1"}],"replies":[{"embeddable":true,"href":"https:\/\/inarinkala.fi\/index.php\/wp-json\/wp\/v2\/comments?post=155"}],"version-history":[{"count":3,"href":"https:\/\/inarinkala.fi\/index.php\/wp-json\/wp\/v2\/pages\/155\/revisions"}],"predecessor-version":[{"id":177,"href":"https:\/\/inarinkala.fi\/index.php\/wp-json\/wp\/v2\/pages\/155\/revisions\/177"}],"wp:attachment":[{"href":"https:\/\/inarinkala.fi\/index.php\/wp-json\/wp\/v2\/media?parent=155"}],"curies":[{"name":"wp","href":"https:\/\/api.w.org\/{rel}","templated":true}]}}